{"id":884,"date":"2019-04-07T12:04:35","date_gmt":"2019-04-07T10:04:35","guid":{"rendered":"http:\/\/bluesnaswiecie.com\/en\/?page_id=884"},"modified":"2019-04-07T12:04:36","modified_gmt":"2019-04-07T10:04:36","slug":"warto-zobaczyc","status":"publish","type":"page","link":"https:\/\/bluesnaswiecie.com\/en\/?page_id=884","title":{"rendered":"Warto zobaczy\u0107"},"content":{"rendered":"\n<ul><li>Zamek krzy\u017cacki w \u015awieciu (1335-50), ul. Zamkowa 1<br>\ncodziennie w godz. 10:00-17:00<br>\n<a href=\"http:\/\/www.zamek.oksir.eu\">www.zamek.oksir.eu<\/a><\/li><li>Ko\u015bci\u00f3\u0142 Matki Boskiej Cz\u0119stochowskiej i\n \u015bw. Stanis\u0142awa Biskupa (Stara Fara, XV-XVII w., zniszczona w 1945 r. i \nodbudowana w 1988 r.), pozosta\u0142o\u015bci obronnych mur\u00f3w miejskich z XIV w.<br>\nul. Farna 4<\/li><li>Ko\u015bci\u00f3\u0142 Niepokalanego Pocz\u0119cia Naj\u015bwi\u0119tszej Maryi Panny w \u015awieciu<br>\npopularnie zwany Klasztorkiem (1692-1720), ul. S\u0105dowa 21<\/li><li>Teren Szpitala dla Nerwowo i Psychicznie Chorych w \u015awieciu (XIX\/XX w.), ul. S\u0105dowa 18<\/li><li>Du\u017cy Rynek w \u015awieciu, dawny ratusz i kamienice z prze\u0142omu XIX i XX w.<\/li><li>Ko\u015bci\u00f3\u0142 \u015bw. Andrzeja Boboli w \u015awieciu (1891-94) i pozosta\u0142o\u015bci starego cmentarza z po\u0142owy XIX w.<br>\nul. Ogrodowa 2<\/li><li>Przechowo (dzielnica \u015awiecia), zbo\u017cowy m\u0142yn parowy i m\u0142yn kaszowy (XIX w.), ul. Wojska Polskiego<\/li><li>Szlak kamiennych twarzy ustawionych w \nr\u00f3\u017cnych punktach miasta lub wmurowanych w \u015bciany budynk\u00f3w (m.in. ul. \nWojska Polskiego, Gimnazjalna, Klasztorna, S\u0105dowa).<\/li><li>Czarcie G\u00f3ry (Diabelce), parowy i stoki\n poro\u015bni\u0119te drzewami mi\u0119dzy \u015awieciem a Sartowicami, \u015bcie\u017cka dydaktyczna,\n pi\u0119kny widok na Wis\u0142\u0119 i Wd\u0119.<\/li><li>Sartowice ko\u015bci\u00f3\u0142 (1853 r.), zesp\u00f3\u0142 \npa\u0142acowo-parkowy z XVIII w., obecnie w trakcie odbudowy, 450-letni d\u0105b \nimienia Grafa Schwerina, w\u0142a\u015bciciela posiad\u0142o\u015bci i niemieckiego oficera,\n kt\u00f3ry w 1944 roku dokona\u0142 nieudanego zamachu na Hitlera<\/li><li>Gruczno, 12 km od \u015awiecia, m\u0142yn (XIX w.), ko\u015bci\u00f3\u0142 (XVIII\/XIX w.), G\u00f3ra \u015awi\u0119tego Jana (w \u015bredniowieczu by\u0142y tu gr\u00f3d i osada)<\/li><li>Chrystkowo, 15 km od \u015awiecia, <a href=\"http:\/\/www.parki.kujawsko-pomorskie.pl\/zpkchin\/turystyka\/warto-zobaczyc\/28-chata-pomenonicka-w-chrystkowie\">chata mennonicka<\/a> (1770 r.), O\u015brodek Dydaktyczno-Muzealny, stare odmiany jab\u0142oni, hodowla owiec<\/li><li>Koz\u0142owo, 5 km od \u015awiecia, kamie\u0144 \nupami\u0119tniaj\u0105cy pobyt F. Chopina (1825 r.), pomnik meteorytu Schwetz o \nwadze 21,5 kg znalezionego w tym miejscu (1850 r.), wiadukt kolejowy \n(XIX w.)<\/li><\/ul>\n","protected":false},"excerpt":{"rendered":"<p>Zamek krzy\u017cacki w \u015awieciu (1335-50), ul. Zamkowa 1 codziennie w godz. 10:00-17:00 www.zamek.oksir.eu Ko\u015bci\u00f3\u0142 Matki Boskiej Cz\u0119stochowskiej i \u015bw. Stanis\u0142awa Biskupa (Stara Fara, XV-XVII w., zniszczona w 1945 r. i odbudowana w 1988 r.), pozosta\u0142o\u015bci obronnych mur\u00f3w miejskich z XIV&hellip;<\/p>\n","protected":false},"author":1,"featured_media":0,"parent":0,"menu_order":0,"comment_status":"closed","ping_status":"closed","template":"","meta":[],"_links":{"self":[{"href":"https:\/\/bluesnaswiecie.com\/en\/index.php?rest_route=\/wp\/v2\/pages\/884"}],"collection":[{"href":"https:\/\/bluesnaswiecie.com\/en\/index.php?rest_route=\/wp\/v2\/pages"}],"about":[{"href":"https:\/\/bluesnaswiecie.com\/en\/index.php?rest_route=\/wp\/v2\/types\/page"}],"author":[{"embeddable":true,"href":"https:\/\/bluesnaswiecie.com\/en\/index.php?rest_route=\/wp\/v2\/users\/1"}],"replies":[{"embeddable":true,"href":"https:\/\/bluesnaswiecie.com\/en\/index.php?rest_route=%2Fwp%2Fv2%2Fcomments&post=884"}],"version-history":[{"count":1,"href":"https:\/\/bluesnaswiecie.com\/en\/index.php?rest_route=\/wp\/v2\/pages\/884\/revisions"}],"predecessor-version":[{"id":885,"href":"https:\/\/bluesnaswiecie.com\/en\/index.php?rest_route=\/wp\/v2\/pages\/884\/revisions\/885"}],"wp:attachment":[{"href":"https:\/\/bluesnaswiecie.com\/en\/index.php?rest_route=%2Fwp%2Fv2%2Fmedia&parent=884"}],"curies":[{"name":"wp","href":"https:\/\/api.w.org\/{rel}","templated":true}]}}