{"id":878,"date":"2019-04-07T12:03:12","date_gmt":"2019-04-07T10:03:12","guid":{"rendered":"http:\/\/bluesnaswiecie.com\/en\/?page_id=878"},"modified":"2019-05-09T09:31:57","modified_gmt":"2019-05-09T07:31:57","slug":"noclegi","status":"publish","type":"page","link":"https:\/\/bluesnaswiecie.com\/en\/?page_id=878","title":{"rendered":"Accommodation"},"content":{"rendered":"\n<p><strong>ACCOMMODATION IN \u015aWIECIE<\/strong><\/p>\n\n\n\n<ul><li>Vistula Hotel, ul. Bydgoska 1, tel.: 52 33-24-00\/ 52 33-24-002, www.vistula-hotel.pl<\/li><li>Noclegi \u201eWozownia\u201d, ul. Armii Krajowej 3, tel.: 532-231-728<\/li><li>Pokoje \u201ePod Kasztanem\u201d, ul. Wojska Polskiego 16A, tel.: 505-968-127<\/li><li>Hotelik \u201eTrzy Korony\u201d, ul. Kwiatowa 2A, tel.: 508-259-228<\/li><li>Kwatera prywatna, ul. Wojska Polskiego 28B, tel.: 662-528-176<\/li><li>Noclegi w \u201eCS 17\u201d, ul. Marii Sk\u0142odowskiej-Curie 17, tel.: 508-228-000<\/li><li>O\u015brodek Wypoczynkowy \u201eDeczno\u201d, Suln\u00f3wko 30D, tel.: 661-555-125, www.deczno.com<\/li><\/ul>\n\n\n\n<p><strong>ACCOMMODATION TO 10 KM FROM THE CENTER OF \u015aWIECIE<\/strong><\/p>\n\n\n\n<ul><li>LabaSpa (8 km od centrum \u015awiecia), Polski Konopat 35c, tel.: 692-054-851<br>\npromocyjne ceny na noclegi i Spa dla uczestnik\u00f3w festiwalu! www.labaspa.pl<\/li><li>Hotel Centralny ** (9 km od centrum \u015awiecia), ul. Dworcowa 23 Che\u0142mno, tel.: 56-686-02-12, www.hotelcentralny.pl<\/li><li>Apartamenty w Sercu Che\u0142mna (9 km od centrum \u015awiecia), ul. Rybacka 3 Che\u0142mno, tel.: 501-780-153, www.apartamentywsercuchelmna.pl<\/li><li>Dom Go\u015bcinny \u201ePod G\u00f3r\u0105\u201d (8 km od centrum \u015awiecia), ul. Podg\u00f3rna 3A Che\u0142mno, tel.: 603-110-588<\/li><li>Agroturystyka \u201eBor\u00f3wka\u201d (8,5 km od \u015awiecia) Ma\u0142y D\u00f3lsk 2A , tel.: 514-912-051, www.agroturystykaborowka.com<\/li><li>Hotel Karczma Che\u0142mi\u0144ska (9 km od centrum \u015awiecia), ul. 22 Stycznia 1B Che\u0142mno, tel.: 56-679-06-0,5 www.karczmachelminska.pl<\/li><li>Hotelik \u2013 Che\u0142mno (8,5 km od centrum \u015awiecia), ul. Podmurna 3 Che\u0142mno, tel.: 56-676-20-30, www.hotelik.info<\/li><li>Pokoje- Kwatery Mazur (6 km od centrum \u015awiecia), Terespol, tel.: 602-594-450<\/li><\/ul>\n\n\n\n<p><strong>ACCOMMODATION OVER 10 KM FROM \u015aWIECIE<\/strong><\/p>\n\n\n\n<ul><li>Pokoje Go\u015bcinne \u201ePod Brz\u00f3zk\u0105\u201d (11 km od centrum \u015awiecia), Poledno 34, tel.: 660-733-080<\/li><li>Pa\u0142ac Poledno (15 km od centrum \u015awiecia), Poledno 2, tel.: 52-333-17-00,&nbsp;www.poledno.pl<\/li><li>Willa \u201etu\u017bur\u201d (19 km od centrum \u015awiecia), ul. \u017bur 2a Osie, tel.: 604-177-883<\/li><li>Motel S5 \u2013 Beata Fale\u0144czyk (19 km od centrum \u015awiecia), Zbrachlin 44, tel.: 506-190-040<\/li><li>O\u015brodek Wypoczynkowy \u201eGrzybek\u201d (27 km od centrum \u015awiecia), ul. Grzybek 2 Osie, tel.: 503-146-902<\/li><li>Pokoje Go\u015bcinne (22 km od centrum \u015awiecia), Krupocin 21, tel.: 605-522-253,&nbsp;www.krupocin21.pl<\/li><li>Pensjonat \u201ePrzystanek Tle\u0144\u201d (30 km od centrum \u015awiecia), Bydgoska 2 Osie, tel.: 52-333-96-00 www.przystanektlen.pl<\/li><\/ul>\n","protected":false},"excerpt":{"rendered":"<p>ACCOMMODATION IN \u015aWIECIE Vistula Hotel, ul. Bydgoska 1, tel.: 52 33-24-00\/ 52 33-24-002, www.vistula-hotel.pl Noclegi \u201eWozownia\u201d, ul. Armii Krajowej 3, tel.: 532-231-728 Pokoje \u201ePod Kasztanem\u201d, ul. Wojska Polskiego 16A, tel.: 505-968-127 Hotelik \u201eTrzy Korony\u201d, ul. Kwiatowa 2A, tel.: 508-259-228 Kwatera&hellip;<\/p>\n","protected":false},"author":1,"featured_media":0,"parent":0,"menu_order":0,"comment_status":"closed","ping_status":"closed","template":"","meta":[],"_links":{"self":[{"href":"https:\/\/bluesnaswiecie.com\/en\/index.php?rest_route=\/wp\/v2\/pages\/878"}],"collection":[{"href":"https:\/\/bluesnaswiecie.com\/en\/index.php?rest_route=\/wp\/v2\/pages"}],"about":[{"href":"https:\/\/bluesnaswiecie.com\/en\/index.php?rest_route=\/wp\/v2\/types\/page"}],"author":[{"embeddable":true,"href":"https:\/\/bluesnaswiecie.com\/en\/index.php?rest_route=\/wp\/v2\/users\/1"}],"replies":[{"embeddable":true,"href":"https:\/\/bluesnaswiecie.com\/en\/index.php?rest_route=%2Fwp%2Fv2%2Fcomments&post=878"}],"version-history":[{"count":2,"href":"https:\/\/bluesnaswiecie.com\/en\/index.php?rest_route=\/wp\/v2\/pages\/878\/revisions"}],"predecessor-version":[{"id":1924,"href":"https:\/\/bluesnaswiecie.com\/en\/index.php?rest_route=\/wp\/v2\/pages\/878\/revisions\/1924"}],"wp:attachment":[{"href":"https:\/\/bluesnaswiecie.com\/en\/index.php?rest_route=%2Fwp%2Fv2%2Fmedia&parent=878"}],"curies":[{"name":"wp","href":"https:\/\/api.w.org\/{rel}","templated":true}]}}