{"id":1992,"date":"2023-06-09T18:59:03","date_gmt":"2023-06-09T16:59:03","guid":{"rendered":"http:\/\/bluesnaswiecie.com\/en\/?page_id=1992"},"modified":"2025-05-14T12:07:00","modified_gmt":"2025-05-14T10:07:00","slug":"line-up-2023","status":"publish","type":"page","link":"https:\/\/bluesnaswiecie.com\/en\/?page_id=1992","title":{"rendered":"Line-up 2025"},"content":{"rendered":"[vc_row][vc_column][vc_column_text]<p><\/p>\n<p><strong>15th Blues na \u015awiecie Festival Kujawy\/Pomorze<br \/>22-23 August, \u015awiecie (Poland)<\/strong><\/p>\n<p><\/p>\n<p><\/p>\n<p><strong>Friday, August 22th, 19:00, free entrance<\/strong><\/p>\n<p><\/p>\n<p><\/p>\n<div class=\"page_content_wrap\">\n<div class=\"content_wrap\">\n<div class=\"content\">\n<article id=\"post-2635\" class=\"post_item_single post_type_page post-2635 page type-page status-publish hentry\">\n<div class=\"post_content entry-content\">\n<div class=\"vc_row wpb_row vc_row-fluid\">\n<div class=\"wpb_column vc_column_container vc_col-sm-12 sc_layouts_column_icons_position_left\">\n<div class=\"vc_column-inner \">\n<div class=\"wpb_wrapper\">\n<div class=\"wpb_text_column wpb_content_element \">\n<div class=\"wpb_wrapper\">\n<p><strong>Park near the Klubokawiarnia Kultura<\/strong><br \/>Bartek Grzanek Band (PL)<br \/>Saverio Maccane (AR)<\/p>\n<p><strong>Park by the Culture Centre:<\/strong><br \/>Blues Against The Machine ES, IT, NOR, POR, PL<br \/>Jan Ga\u0142ach &amp; Friends (PL)<\/p>\n<p><strong>Saturday, August 23th<\/strong><\/p>\n<p><strong>Amphitheathre ul. Sienkiewicza 6,\u00a0 <\/strong>19:00<strong><br \/><\/strong><\/p>\n<ol>\n<li><strong> Eric Gales\u00a0<\/strong> (USA)<\/li>\n<li><strong>Krzysztof Cugowski i Mistrzowie Gitary\u00a0<\/strong>(PL)<\/li>\n<li><strong><strong>Big Blues Orchestra with Guests &#8211; &#8222;Blues Masters project&#8221;<br \/>Guests: <\/strong><\/strong>Tatiana Okupnik, Wojtek Cugowski, Eric Slim Zahl (NOR), Budda Guedes (POR), Bartek Grzanek, Bartek Szopi\u0144ski, Jan Ga\u0142ach, \u017baneta Lubera, Robert Lubera, Julia Ol\u0119dzka \u2013 Zienkowska<strong><strong><br \/><\/strong><\/strong>\n<p>Tickets: <br \/>&#8211; Reception in Centre of Culture (\u015awiecie)<br \/>&#8211; <a href=\"https:\/\/www.kupbilecik.pl\/imprezy\/164504\/%C5%9Awiecie\/Blues+na+%C5%9Awiecie+Festival\/\">Online HERE\u00a0<\/a><\/p>\n<\/li>\n<\/ol>\n<p><strong>Park by the Culture Centre \u2013 free entrance, <\/strong>23:30<\/p>\n<p>1. <strong>Nie-Bo Orkiestra <\/strong>(PL)<\/p>\n<\/div>\n<\/div>\n<\/div>\n<\/div>\n<\/div>\n<\/div>\n<\/div>\n<\/article>\n<\/div>\n<\/div>\n<\/div>\n<footer class=\"footer_wrap footer_default scheme_dark\">\n<div class=\"footer_copyright_wrap scheme_\">\u00a0<\/div>\n<\/footer>\n<p><\/p>\n<p><\/p>\n<p><\/p>[\/vc_column_text][\/vc_column][\/vc_row]","protected":false},"excerpt":{"rendered":"<p>[vc_row][vc_column][vc_column_text] 15th Blues na \u015awiecie Festival Kujawy\/Pomorze22-23 August, \u015awiecie (Poland) Friday, August 22th, 19:00, free entrance Park near the Klubokawiarnia KulturaBartek Grzanek Band (PL)Saverio Maccane (AR) Park by the Culture Centre:Blues Against The Machine ES, IT, NOR, POR, PLJan Ga\u0142ach&hellip;<\/p>\n","protected":false},"author":1,"featured_media":0,"parent":0,"menu_order":0,"comment_status":"closed","ping_status":"closed","template":"","meta":[],"_links":{"self":[{"href":"https:\/\/bluesnaswiecie.com\/en\/index.php?rest_route=\/wp\/v2\/pages\/1992"}],"collection":[{"href":"https:\/\/bluesnaswiecie.com\/en\/index.php?rest_route=\/wp\/v2\/pages"}],"about":[{"href":"https:\/\/bluesnaswiecie.com\/en\/index.php?rest_route=\/wp\/v2\/types\/page"}],"author":[{"embeddable":true,"href":"https:\/\/bluesnaswiecie.com\/en\/index.php?rest_route=\/wp\/v2\/users\/1"}],"replies":[{"embeddable":true,"href":"https:\/\/bluesnaswiecie.com\/en\/index.php?rest_route=%2Fwp%2Fv2%2Fcomments&post=1992"}],"version-history":[{"count":14,"href":"https:\/\/bluesnaswiecie.com\/en\/index.php?rest_route=\/wp\/v2\/pages\/1992\/revisions"}],"predecessor-version":[{"id":2049,"href":"https:\/\/bluesnaswiecie.com\/en\/index.php?rest_route=\/wp\/v2\/pages\/1992\/revisions\/2049"}],"wp:attachment":[{"href":"https:\/\/bluesnaswiecie.com\/en\/index.php?rest_route=%2Fwp%2Fv2%2Fmedia&parent=1992"}],"curies":[{"name":"wp","href":"https:\/\/api.w.org\/{rel}","templated":true}]}}